{"id":30660,"date":"2025-12-27T15:10:24","date_gmt":"2025-12-27T18:10:24","guid":{"rendered":"https:\/\/bcult.novosite.top\/allgemeine-geschaeftsbedingungen\/"},"modified":"2026-02-19T10:50:44","modified_gmt":"2026-02-19T13:50:44","slug":"allgemeine-geschaeftsbedingungen","status":"publish","type":"page","link":"https:\/\/bcult.novosite.top\/de\/allgemeine-geschaeftsbedingungen\/","title":{"rendered":"Allgemeine Gesch\u00e4ftsbedingungen"},"content":{"rendered":"\t\t<div data-elementor-type=\"wp-page\" data-elementor-id=\"30660\" class=\"elementor elementor-30660 elementor-30293\" data-elementor-post-type=\"page\">\n\t\t\t\t<div class=\"elementor-element elementor-element-5f62f8a e-flex e-con-boxed e-con e-parent\" data-id=\"5f62f8a\" data-element_type=\"container\">\n\t\t\t\t\t<div class=\"e-con-inner\">\n\t\t\t\t<div class=\"elementor-element elementor-element-1d32296 elementor-widget elementor-widget-heading\" data-id=\"1d32296\" data-element_type=\"widget\" data-widget_type=\"heading.default\">\n\t\t\t\t\t<h2 class=\"elementor-heading-title elementor-size-default\">ALLGEMEINE GESCH\u00c4FTSBEDINGUNGEN<\/h2>\t\t\t\t<\/div>\n\t\t\t\t<div class=\"elementor-element elementor-element-c94b229 elementor-widget-divider--view-line elementor-widget elementor-widget-divider\" data-id=\"c94b229\" data-element_type=\"widget\" data-widget_type=\"divider.default\">\n\t\t\t\t\t\t\t<div class=\"elementor-divider\">\n\t\t\t<span class=\"elementor-divider-separator\">\n\t\t\t\t\t\t<\/span>\n\t\t<\/div>\n\t\t\t\t\t\t<\/div>\n\t\t\t\t<div class=\"elementor-element elementor-element-deb2886 color-scheme-inherit text-left elementor-widget elementor-widget-text-editor\" data-id=\"deb2886\" data-element_type=\"widget\" data-widget_type=\"text-editor.default\">\n\t\t\t\t\t\t\t\t\t<p>Diese Allgemeinen Gesch\u00e4ftsbedingungen gelten f\u00fcr alle Bestellungen, Lieferungen und Dienstleistungen der BCult AG. Mit der Aufgabe einer Bestellung akzeptiert der Kunde diese Bedingungen: <\/p><ul><li><strong>Vertragsabschluss:<\/strong> Ein Vertrag kommt zustande, sobald der Kunde eine Bestellung im Online-Shop aufgibt und eine Best\u00e4tigung erh\u00e4lt.<\/li><li><strong>Preise:<\/strong> Alle Preise sind in CHF angegeben. Gem\u00e4ss Art. 10 des Schweizer Mehrwertsteuergesetzes ist die BCult AG derzeit nicht mehrwertsteuerpflichtig. <\/li><li><strong>Versand:<\/strong> Lieferungen innerhalb der Schweiz werden von der Schweizerischen Post abgewickelt. Internationale Sendungen werden von DHL Express abgewickelt (Delivered Duty Paid); Kunden zahlen keine Zoll- oder Einfuhrgeb\u00fchren. <\/li><li><strong>Zahlung:<\/strong> Zahlungen erfolgen im Voraus \u00fcber die im Online-Shop angebotenen Zahlungsmethoden.<\/li><li><strong>Widerrufsrecht:<\/strong> Kunden haben das Recht, innerhalb von 14 Tagen nach Erhalt der Ware vom Vertrag zur\u00fcckzutreten, sofern die Produkte unbenutzt und in ihrer Originalverpackung sind.<\/li><li><strong>Gerichtsstand:<\/strong> Z\u00fcrich, Schweiz.<\/li><li><strong>Zahlungsverzug:<\/strong> Im Falle eines Zahlungsverzugs behalten wir uns das Recht vor, Mahngeb\u00fchren zu erheben.<\/li><\/ul>\t\t\t\t\t\t\t\t<\/div>\n\t\t\t\t\t<\/div>\n\t\t\t\t<\/div>\n\t\t\t\t<\/div>\n\t\t","protected":false},"excerpt":{"rendered":"<p>ALLGEMEINE GESCH\u00c4FTSBEDINGUNGEN Diese Allgemeinen Gesch\u00e4ftsbedingungen gelten f\u00fcr alle Bestellungen, Lieferungen und Dienstleistungen der BCult AG. Mit der Aufgabe einer Bestellung<\/p>\n","protected":false},"author":1,"featured_media":0,"parent":0,"menu_order":0,"comment_status":"closed","ping_status":"closed","template":"elementor_header_footer","meta":{"footnotes":""},"class_list":["post-30660","page","type-page","status-publish","hentry"],"_links":{"self":[{"href":"https:\/\/bcult.novosite.top\/de\/wp-json\/wp\/v2\/pages\/30660","targetHints":{"allow":["GET"]}}],"collection":[{"href":"https:\/\/bcult.novosite.top\/de\/wp-json\/wp\/v2\/pages"}],"about":[{"href":"https:\/\/bcult.novosite.top\/de\/wp-json\/wp\/v2\/types\/page"}],"author":[{"embeddable":true,"href":"https:\/\/bcult.novosite.top\/de\/wp-json\/wp\/v2\/users\/1"}],"replies":[{"embeddable":true,"href":"https:\/\/bcult.novosite.top\/de\/wp-json\/wp\/v2\/comments?post=30660"}],"version-history":[{"count":2,"href":"https:\/\/bcult.novosite.top\/de\/wp-json\/wp\/v2\/pages\/30660\/revisions"}],"predecessor-version":[{"id":31399,"href":"https:\/\/bcult.novosite.top\/de\/wp-json\/wp\/v2\/pages\/30660\/revisions\/31399"}],"wp:attachment":[{"href":"https:\/\/bcult.novosite.top\/de\/wp-json\/wp\/v2\/media?parent=30660"}],"curies":[{"name":"wp","href":"https:\/\/api.w.org\/{rel}","templated":true}]}}