{"id":30697,"date":"2025-12-27T16:39:41","date_gmt":"2025-12-27T19:39:41","guid":{"rendered":"https:\/\/bcult.novosite.top\/?page_id=30697"},"modified":"2026-02-19T11:04:58","modified_gmt":"2026-02-19T14:04:58","slug":"zahlungsbedingungen","status":"publish","type":"page","link":"https:\/\/bcult.novosite.top\/de\/zahlungsbedingungen\/","title":{"rendered":"Zahlungsrichtlinien"},"content":{"rendered":"\t\t<div data-elementor-type=\"wp-page\" data-elementor-id=\"30697\" class=\"elementor elementor-30697 elementor-30345\" data-elementor-post-type=\"page\">\n\t\t\t\t<div class=\"elementor-element elementor-element-5f62f8a e-flex e-con-boxed e-con e-parent\" data-id=\"5f62f8a\" data-element_type=\"container\">\n\t\t\t\t\t<div class=\"e-con-inner\">\n\t\t\t\t<div class=\"elementor-element elementor-element-1d32296 elementor-widget elementor-widget-heading\" data-id=\"1d32296\" data-element_type=\"widget\" data-widget_type=\"heading.default\">\n\t\t\t\t\t<h2 class=\"elementor-heading-title elementor-size-default\">ZAHLUNGSRICHTLINIE<\/h2>\t\t\t\t<\/div>\n\t\t\t\t<div class=\"elementor-element elementor-element-c94b229 elementor-widget-divider--view-line elementor-widget elementor-widget-divider\" data-id=\"c94b229\" data-element_type=\"widget\" data-widget_type=\"divider.default\">\n\t\t\t\t\t\t\t<div class=\"elementor-divider\">\n\t\t\t<span class=\"elementor-divider-separator\">\n\t\t\t\t\t\t<\/span>\n\t\t<\/div>\n\t\t\t\t\t\t<\/div>\n\t\t\t\t<div class=\"elementor-element elementor-element-deb2886 color-scheme-inherit text-left elementor-widget elementor-widget-text-editor\" data-id=\"deb2886\" data-element_type=\"widget\" data-widget_type=\"text-editor.default\">\n\t\t\t\t\t\t\t\t\t<ul><li><strong>Akzeptierte Zahlungsmethoden: <\/strong>BCult AG akzeptiert die folgenden Zahlungsmethoden \u00fcber PostFinance Checkout: PostFinance Pay (ehemals PostFinance Card und PostFinance E-Finance), TWINT (mobile Zahlung), Visa und Mastercard (Debit- und Kreditkarten), Apple Pay und Google Pay.<\/li><li><strong>Zahlungszeitpunkt:<\/strong> Alle Zahlungen erfolgen im Voraus. Bestellungen werden erst nach Zahlungsbest\u00e4tigung bearbeitet und versendet. <\/li><li><strong>Zahlungssicherheit:<\/strong> Alle Zahlungen werden \u00fcber die sichere Zahlungsplattform PostFinance Checkout abgewickelt. BCult AG speichert keine Kreditkarteninformationen. <\/li><li><strong>R\u00fcckerstattungsrichtlinie:<\/strong> Bei genehmigten R\u00fccksendungen erfolgen R\u00fcckerstattungen innerhalb von 14 Tagen nach Erhalt der zur\u00fcckgesandten Ware \u00fcber die urspr\u00fcngliche Zahlungsmethode. Produkte m\u00fcssen unbenutzt und in ihrer Originalverpackung sein. <\/li><li><strong>Zahlungsverzug:<\/strong> Im Falle eines Zahlungsverzugs behalten wir uns das Recht vor, Mahngeb\u00fchren zu erheben.<\/li><\/ul>\t\t\t\t\t\t\t\t<\/div>\n\t\t\t\t\t<\/div>\n\t\t\t\t<\/div>\n\t\t\t\t<\/div>\n\t\t","protected":false},"excerpt":{"rendered":"<p>ZAHLUNGSRICHTLINIE Akzeptierte Zahlungsmethoden: BCult AG akzeptiert die folgenden Zahlungsmethoden \u00fcber PostFinance Checkout: PostFinance Pay (ehemals PostFinance Card und PostFinance E-Finance),<\/p>\n","protected":false},"author":1,"featured_media":0,"parent":0,"menu_order":0,"comment_status":"closed","ping_status":"closed","template":"elementor_header_footer","meta":{"footnotes":""},"class_list":["post-30697","page","type-page","status-publish","hentry"],"_links":{"self":[{"href":"https:\/\/bcult.novosite.top\/de\/wp-json\/wp\/v2\/pages\/30697","targetHints":{"allow":["GET"]}}],"collection":[{"href":"https:\/\/bcult.novosite.top\/de\/wp-json\/wp\/v2\/pages"}],"about":[{"href":"https:\/\/bcult.novosite.top\/de\/wp-json\/wp\/v2\/types\/page"}],"author":[{"embeddable":true,"href":"https:\/\/bcult.novosite.top\/de\/wp-json\/wp\/v2\/users\/1"}],"replies":[{"embeddable":true,"href":"https:\/\/bcult.novosite.top\/de\/wp-json\/wp\/v2\/comments?post=30697"}],"version-history":[{"count":9,"href":"https:\/\/bcult.novosite.top\/de\/wp-json\/wp\/v2\/pages\/30697\/revisions"}],"predecessor-version":[{"id":31421,"href":"https:\/\/bcult.novosite.top\/de\/wp-json\/wp\/v2\/pages\/30697\/revisions\/31421"}],"wp:attachment":[{"href":"https:\/\/bcult.novosite.top\/de\/wp-json\/wp\/v2\/media?parent=30697"}],"curies":[{"name":"wp","href":"https:\/\/api.w.org\/{rel}","templated":true}]}}