{"id":30838,"date":"2025-12-27T16:34:23","date_gmt":"2025-12-27T19:34:23","guid":{"rendered":"https:\/\/bcult.novosite.top\/haftungsausschluss-umsatzsteuerhinweis\/"},"modified":"2026-02-19T10:29:15","modified_gmt":"2026-02-19T13:29:15","slug":"haftungsausschluss-umsatzsteuerhinweis","status":"publish","type":"page","link":"https:\/\/bcult.novosite.top\/de\/haftungsausschluss-umsatzsteuerhinweis\/","title":{"rendered":"Haftungsausschluss &amp; Umsatzsteuerhinweis"},"content":{"rendered":"\t\t<div data-elementor-type=\"wp-page\" data-elementor-id=\"30838\" class=\"elementor elementor-30838 elementor-30335\" data-elementor-post-type=\"page\">\n\t\t\t\t<div class=\"elementor-element elementor-element-5f62f8a e-flex e-con-boxed e-con e-parent\" data-id=\"5f62f8a\" data-element_type=\"container\">\n\t\t\t\t\t<div class=\"e-con-inner\">\n\t\t\t\t<div class=\"elementor-element elementor-element-1d32296 elementor-widget elementor-widget-heading\" data-id=\"1d32296\" data-element_type=\"widget\" data-widget_type=\"heading.default\">\n\t\t\t\t\t<h2 class=\"elementor-heading-title elementor-size-default\">HAFTUNGSAUSSCHLUSS &amp; MEHRWERTSTEUERHINWEIS<\/h2>\t\t\t\t<\/div>\n\t\t\t\t<div class=\"elementor-element elementor-element-c94b229 elementor-widget-divider--view-line elementor-widget elementor-widget-divider\" data-id=\"c94b229\" data-element_type=\"widget\" data-widget_type=\"divider.default\">\n\t\t\t\t\t\t\t<div class=\"elementor-divider\">\n\t\t\t<span class=\"elementor-divider-separator\">\n\t\t\t\t\t\t<\/span>\n\t\t<\/div>\n\t\t\t\t\t\t<\/div>\n\t\t\t\t<div class=\"elementor-element elementor-element-deb2886 color-scheme-inherit text-left elementor-widget elementor-widget-text-editor\" data-id=\"deb2886\" data-element_type=\"widget\" data-widget_type=\"text-editor.default\">\n\t\t\t\t\t\t\t\t\tDie BCult AG \u00fcbernimmt keine Haftung f\u00fcr externe Links oder Inhalte Dritter. Die Informationen auf dieser Website werden\nmit gr\u00f6\u00dfter Sorgfalt erstellt; es wird jedoch keine Gew\u00e4hr f\u00fcr deren Richtigkeit, Vollst\u00e4ndigkeit oder Aktualit\u00e4t \u00fcbernommen.\nGem\u00e4\u00df Art. 10 des Schweizer Mehrwertsteuergesetzes ist die BCult AG derzeit nicht mehrwertsteuerpflichtig. \t\t\t\t\t\t\t\t<\/div>\n\t\t\t\t\t<\/div>\n\t\t\t\t<\/div>\n\t\t\t\t<\/div>\n\t\t","protected":false},"excerpt":{"rendered":"<p>HAFTUNGSAUSSCHLUSS &amp; MEHRWERTSTEUERHINWEIS Die BCult AG \u00fcbernimmt keine Haftung f\u00fcr externe Links oder Inhalte Dritter. Die Informationen auf dieser Website<\/p>\n","protected":false},"author":1,"featured_media":0,"parent":0,"menu_order":0,"comment_status":"closed","ping_status":"closed","template":"elementor_header_footer","meta":{"footnotes":""},"class_list":["post-30838","page","type-page","status-publish","hentry"],"_links":{"self":[{"href":"https:\/\/bcult.novosite.top\/de\/wp-json\/wp\/v2\/pages\/30838","targetHints":{"allow":["GET"]}}],"collection":[{"href":"https:\/\/bcult.novosite.top\/de\/wp-json\/wp\/v2\/pages"}],"about":[{"href":"https:\/\/bcult.novosite.top\/de\/wp-json\/wp\/v2\/types\/page"}],"author":[{"embeddable":true,"href":"https:\/\/bcult.novosite.top\/de\/wp-json\/wp\/v2\/users\/1"}],"replies":[{"embeddable":true,"href":"https:\/\/bcult.novosite.top\/de\/wp-json\/wp\/v2\/comments?post=30838"}],"version-history":[{"count":2,"href":"https:\/\/bcult.novosite.top\/de\/wp-json\/wp\/v2\/pages\/30838\/revisions"}],"predecessor-version":[{"id":31381,"href":"https:\/\/bcult.novosite.top\/de\/wp-json\/wp\/v2\/pages\/30838\/revisions\/31381"}],"wp:attachment":[{"href":"https:\/\/bcult.novosite.top\/de\/wp-json\/wp\/v2\/media?parent=30838"}],"curies":[{"name":"wp","href":"https:\/\/api.w.org\/{rel}","templated":true}]}}