{"id":30922,"date":"2025-12-27T16:07:40","date_gmt":"2025-12-27T19:07:40","guid":{"rendered":"https:\/\/bcult.novosite.top\/rueckgaberecht\/"},"modified":"2026-02-19T10:55:52","modified_gmt":"2026-02-19T13:55:52","slug":"rueckgaberecht","status":"publish","type":"page","link":"https:\/\/bcult.novosite.top\/de\/rueckgaberecht\/","title":{"rendered":"R\u00fcckgaberecht"},"content":{"rendered":"\t\t<div data-elementor-type=\"wp-page\" data-elementor-id=\"30922\" class=\"elementor elementor-30922 elementor-30325\" data-elementor-post-type=\"page\">\n\t\t\t\t<div class=\"elementor-element elementor-element-5f62f8a e-flex e-con-boxed e-con e-parent\" data-id=\"5f62f8a\" data-element_type=\"container\">\n\t\t\t\t\t<div class=\"e-con-inner\">\n\t\t\t\t<div class=\"elementor-element elementor-element-1d32296 elementor-widget elementor-widget-heading\" data-id=\"1d32296\" data-element_type=\"widget\" data-widget_type=\"heading.default\">\n\t\t\t\t\t<h2 class=\"elementor-heading-title elementor-size-default\">R\u00dcCKGABE-POLITIK<\/h2>\t\t\t\t<\/div>\n\t\t\t\t<div class=\"elementor-element elementor-element-c94b229 elementor-widget-divider--view-line elementor-widget elementor-widget-divider\" data-id=\"c94b229\" data-element_type=\"widget\" data-widget_type=\"divider.default\">\n\t\t\t\t\t\t\t<div class=\"elementor-divider\">\n\t\t\t<span class=\"elementor-divider-separator\">\n\t\t\t\t\t\t<\/span>\n\t\t<\/div>\n\t\t\t\t\t\t<\/div>\n\t\t\t\t<div class=\"elementor-element elementor-element-deb2886 color-scheme-inherit text-left elementor-widget elementor-widget-text-editor\" data-id=\"deb2886\" data-element_type=\"widget\" data-widget_type=\"text-editor.default\">\n\t\t\t\t\t\t\t\t\t<p>Kunden k\u00f6nnen Produkte innerhalb von 14 Tagen zur\u00fcckgeben, sofern sie unbenutzt und originalverpackt sind.<\/p><p><strong>R\u00fccksendeadresse:<\/strong><br \/>BCult AG<br \/>Josefstrasse 52<br \/>8005 Z\u00fcrich, Schweiz<\/p>\t\t\t\t\t\t\t\t<\/div>\n\t\t\t\t\t<\/div>\n\t\t\t\t<\/div>\n\t\t\t\t<\/div>\n\t\t","protected":false},"excerpt":{"rendered":"<p>R\u00dcCKGABE-POLITIK Kunden k\u00f6nnen Produkte innerhalb von 14 Tagen zur\u00fcckgeben, sofern sie unbenutzt und originalverpackt sind. R\u00fccksendeadresse:BCult AGJosefstrasse 528005 Z\u00fcrich, Schweiz<\/p>\n","protected":false},"author":1,"featured_media":0,"parent":0,"menu_order":0,"comment_status":"closed","ping_status":"closed","template":"elementor_header_footer","meta":{"footnotes":""},"class_list":["post-30922","page","type-page","status-publish","hentry"],"_links":{"self":[{"href":"https:\/\/bcult.novosite.top\/de\/wp-json\/wp\/v2\/pages\/30922","targetHints":{"allow":["GET"]}}],"collection":[{"href":"https:\/\/bcult.novosite.top\/de\/wp-json\/wp\/v2\/pages"}],"about":[{"href":"https:\/\/bcult.novosite.top\/de\/wp-json\/wp\/v2\/types\/page"}],"author":[{"embeddable":true,"href":"https:\/\/bcult.novosite.top\/de\/wp-json\/wp\/v2\/users\/1"}],"replies":[{"embeddable":true,"href":"https:\/\/bcult.novosite.top\/de\/wp-json\/wp\/v2\/comments?post=30922"}],"version-history":[{"count":4,"href":"https:\/\/bcult.novosite.top\/de\/wp-json\/wp\/v2\/pages\/30922\/revisions"}],"predecessor-version":[{"id":31410,"href":"https:\/\/bcult.novosite.top\/de\/wp-json\/wp\/v2\/pages\/30922\/revisions\/31410"}],"wp:attachment":[{"href":"https:\/\/bcult.novosite.top\/de\/wp-json\/wp\/v2\/media?parent=30922"}],"curies":[{"name":"wp","href":"https:\/\/api.w.org\/{rel}","templated":true}]}}