{"id":30936,"date":"2025-12-27T15:35:32","date_gmt":"2025-12-27T18:35:32","guid":{"rendered":"https:\/\/bcult.novosite.top\/versandpolitik\/"},"modified":"2026-02-19T10:01:50","modified_gmt":"2026-02-19T13:01:50","slug":"versandpolitik","status":"publish","type":"page","link":"https:\/\/bcult.novosite.top\/de\/versandpolitik\/","title":{"rendered":"Versandpolitik"},"content":{"rendered":"\t\t<div data-elementor-type=\"wp-page\" data-elementor-id=\"30936\" class=\"elementor elementor-30936 elementor-30312\" data-elementor-post-type=\"page\">\n\t\t\t\t<div class=\"elementor-element elementor-element-5f62f8a e-flex e-con-boxed e-con e-parent\" data-id=\"5f62f8a\" data-element_type=\"container\">\n\t\t\t\t\t<div class=\"e-con-inner\">\n\t\t\t\t<div class=\"elementor-element elementor-element-1d32296 elementor-widget elementor-widget-heading\" data-id=\"1d32296\" data-element_type=\"widget\" data-widget_type=\"heading.default\">\n\t\t\t\t\t<h2 class=\"elementor-heading-title elementor-size-default\">SCHIFFFAHRTSPOLITIK<\/h2>\t\t\t\t<\/div>\n\t\t\t\t<div class=\"elementor-element elementor-element-c94b229 elementor-widget-divider--view-line elementor-widget elementor-widget-divider\" data-id=\"c94b229\" data-element_type=\"widget\" data-widget_type=\"divider.default\">\n\t\t\t\t\t\t\t<div class=\"elementor-divider\">\n\t\t\t<span class=\"elementor-divider-separator\">\n\t\t\t\t\t\t<\/span>\n\t\t<\/div>\n\t\t\t\t\t\t<\/div>\n\t\t\t\t<div class=\"elementor-element elementor-element-deb2886 color-scheme-inherit text-left elementor-widget elementor-widget-text-editor\" data-id=\"deb2886\" data-element_type=\"widget\" data-widget_type=\"text-editor.default\">\n\t\t\t\t\t\t\t\t\t<ul><li><strong>Inlandslieferungen innerhalb der Schweiz:<\/strong> 3-5 Arbeitstage (Schweizerische Post).<\/li><li><strong>Internationale Lieferungen:<\/strong> 7-14 Werktage (DHL Express, Zustellung verzollt).<\/li><li><strong>Lieferzeiten:<\/strong> Die Lieferzeiten beziehen sich auf Werktage ab dem Versanddatum. An Wochenenden und Feiertagen werden keine Lieferungen vorgenommen. <\/li><li><strong>Wichtiger Hinweis zur Logistik:<\/strong> Aus logistischen Gr\u00fcnden k\u00f6nnen einige unserer Produkte direkt von unserem Vertriebszentrum in Brasilien versandt werden. In diesem Fall kann die Lieferzeit l\u00e4nger sein. Wir garantieren Ihnen jedoch, dass Ihnen dadurch keine zus\u00e4tzlichen Kosten entstehen. Alle Sendungen werden per DHL Express mit DDP (Delivered Duty Paid) verschickt &#8211; Bcult \u00fcbernimmt alle Einfuhrz\u00f6lle und Steuern. Kunden zahlen keine Zoll- oder Importgeb\u00fchren.    <\/li><\/ul>\t\t\t\t\t\t\t\t<\/div>\n\t\t\t\t\t<\/div>\n\t\t\t\t<\/div>\n\t\t\t\t<\/div>\n\t\t","protected":false},"excerpt":{"rendered":"<p>SCHIFFFAHRTSPOLITIK Inlandslieferungen innerhalb der Schweiz: 3-5 Arbeitstage (Schweizerische Post). Internationale Lieferungen: 7-14 Werktage (DHL Express, Zustellung verzollt). Lieferzeiten: Die Lieferzeiten<\/p>\n","protected":false},"author":1,"featured_media":0,"parent":0,"menu_order":0,"comment_status":"closed","ping_status":"closed","template":"elementor_header_footer","meta":{"footnotes":""},"class_list":["post-30936","page","type-page","status-publish","hentry"],"_links":{"self":[{"href":"https:\/\/bcult.novosite.top\/de\/wp-json\/wp\/v2\/pages\/30936","targetHints":{"allow":["GET"]}}],"collection":[{"href":"https:\/\/bcult.novosite.top\/de\/wp-json\/wp\/v2\/pages"}],"about":[{"href":"https:\/\/bcult.novosite.top\/de\/wp-json\/wp\/v2\/types\/page"}],"author":[{"embeddable":true,"href":"https:\/\/bcult.novosite.top\/de\/wp-json\/wp\/v2\/users\/1"}],"replies":[{"embeddable":true,"href":"https:\/\/bcult.novosite.top\/de\/wp-json\/wp\/v2\/comments?post=30936"}],"version-history":[{"count":3,"href":"https:\/\/bcult.novosite.top\/de\/wp-json\/wp\/v2\/pages\/30936\/revisions"}],"predecessor-version":[{"id":30942,"href":"https:\/\/bcult.novosite.top\/de\/wp-json\/wp\/v2\/pages\/30936\/revisions\/30942"}],"wp:attachment":[{"href":"https:\/\/bcult.novosite.top\/de\/wp-json\/wp\/v2\/media?parent=30936"}],"curies":[{"name":"wp","href":"https:\/\/api.w.org\/{rel}","templated":true}]}}