{"id":31616,"date":"2026-03-16T12:05:00","date_gmt":"2026-03-16T15:05:00","guid":{"rendered":"https:\/\/bcult.novosite.top\/product\/eclipse-sculpt-set-schwarz\/"},"modified":"2026-03-24T11:41:19","modified_gmt":"2026-03-24T14:41:19","slug":"eclipse-sculpt-set-schwarz","status":"publish","type":"product","link":"https:\/\/bcult.novosite.top\/de\/produkt\/eclipse-sculpt-set-schwarz\/","title":{"rendered":"Eclipse Sculpt Set Schwarz"},"content":{"rendered":"<p>Das Eclipse Sculpt Set aus der BCult Kollektion kombiniert formende Leistung mit minimalistischer Eleganz. Das aufeinander abgestimmte Oberteil und die Leggings sind aus hochwertigem Funktionsmaterial gefertigt und sorgen f\u00fcr eine kraftvolle Silhouette, w\u00e4hrend sie gleichzeitig f\u00fcr Komfort und Bewegungsfreiheit sorgen. <\/p>\n<p>Perfekt f\u00fcr Training, Yoga-Sitzungen oder gehobene Freizeitkleidung.<\/p>\n<p><strong>Zusammensetzung des Stoffes<\/strong><\/p>\n<ul>\n<li><strong> <\/strong>  76.8% Polyamid<\/li>\n<li>  23.2% Elastan<\/li>\n<\/ul>\n<p><strong>H\u00f6hepunkte<\/strong><\/p>\n<ul>\n<li>Formbare Leggings mit hoher Taille<\/li>\n<li>Atmungsaktives Vier-Wege-Stretchmaterial<\/li>\n<li>Sporttop mit mittlerer Unterst\u00fctzung<\/li>\n<li>Weiches, leistungsf\u00e4higes Gewebe<\/li>\n<li>Gebrauch: F\u00fcr das Training und die t\u00e4gliche Freizeit<\/li>\n<li>Hergestellt in Brasilien<\/li>\n<\/ul>\n","protected":false},"excerpt":{"rendered":"<p>Das Eclipse Sculpt Set aus der BCult Kollektion kombiniert formende Leistung mit minimalistischer Eleganz. Das aufeinander abgestimmte Oberteil und die Leggings sind aus hochwertigem Funktionsmaterial gefertigt und sorgen f\u00fcr eine kraftvolle Silhouette, w\u00e4hrend sie gleichzeitig f\u00fcr Komfort und Bewegungsfreiheit sorgen. <\/p>\n<p>Perfekt f\u00fcr Training, Yoga-Sitzungen oder gehobene Freizeitkleidung.<\/p>\n<p>&nbsp;<\/p>\n","protected":false},"featured_media":31617,"template":"","meta":[],"product_brand":[],"product_cat":[246],"product_tag":[],"class_list":{"0":"post-31616","1":"product","2":"type-product","3":"status-publish","4":"has-post-thumbnail","6":"product_cat-legging-set","8":"first","9":"instock","10":"shipping-taxable","11":"purchasable","12":"product-type-variable"},"_links":{"self":[{"href":"https:\/\/bcult.novosite.top\/de\/wp-json\/wp\/v2\/product\/31616","targetHints":{"allow":["GET"]}}],"collection":[{"href":"https:\/\/bcult.novosite.top\/de\/wp-json\/wp\/v2\/product"}],"about":[{"href":"https:\/\/bcult.novosite.top\/de\/wp-json\/wp\/v2\/types\/product"}],"version-history":[{"count":1,"href":"https:\/\/bcult.novosite.top\/de\/wp-json\/wp\/v2\/product\/31616\/revisions"}],"predecessor-version":[{"id":31618,"href":"https:\/\/bcult.novosite.top\/de\/wp-json\/wp\/v2\/product\/31616\/revisions\/31618"}],"wp:featuredmedia":[{"embeddable":true,"href":"https:\/\/bcult.novosite.top\/de\/wp-json\/wp\/v2\/media\/31617"}],"wp:attachment":[{"href":"https:\/\/bcult.novosite.top\/de\/wp-json\/wp\/v2\/media?parent=31616"}],"wp:term":[{"taxonomy":"product_brand","embeddable":true,"href":"https:\/\/bcult.novosite.top\/de\/wp-json\/wp\/v2\/product_brand?post=31616"},{"taxonomy":"product_cat","embeddable":true,"href":"https:\/\/bcult.novosite.top\/de\/wp-json\/wp\/v2\/product_cat?post=31616"},{"taxonomy":"product_tag","embeddable":true,"href":"https:\/\/bcult.novosite.top\/de\/wp-json\/wp\/v2\/product_tag?post=31616"}],"curies":[{"name":"wp","href":"https:\/\/api.w.org\/{rel}","templated":true}]}}