{"id":31653,"date":"2026-03-16T10:58:44","date_gmt":"2026-03-16T13:58:44","guid":{"rendered":"https:\/\/bcult.novosite.top\/product\/solar-flow-set-orange\/"},"modified":"2026-03-24T11:50:56","modified_gmt":"2026-03-24T14:50:56","slug":"solar-flow-set-orange","status":"publish","type":"product","link":"https:\/\/bcult.novosite.top\/de\/produkt\/solar-flow-set-orange\/","title":{"rendered":"Solar Flow Set Orange"},"content":{"rendered":"<p>Das energiegeladene und moderne Solar Flow Set bringt lebendige Bewegung in die BCult Kollektion. Die formende Leggings mit hoher Taille und das st\u00fctzende Top kombinieren Komfort, Flexibilit\u00e4t und auff\u00e4llige Farben f\u00fcr einen selbstbewussten Trainingslook. <\/p>\n<p>Entworfen f\u00fcr Performance-Workouts, Yoga-Praktiken und stilvolle Athleisure-Momente.<\/p>\n<p><strong>Zusammensetzung des Stoffes<\/strong><\/p>\n<ul>\n<li>76.8% Polyamid<\/li>\n<li>23.2% Elastan<\/li>\n<\/ul>\n<p><strong>Pflegehinweise<\/strong><\/p>\n<ul>\n<li>Maschinenw\u00e4sche kalt<\/li>\n<li>Nicht bleichen<\/li>\n<li>Nicht im Trockner trocknen<\/li>\n<li>Im Schatten trocknen<\/li>\n<li>Nicht b\u00fcgeln<\/li>\n<\/ul>\n","protected":false},"excerpt":{"rendered":"<p>Das energiegeladene und moderne Solar Flow Set bringt lebendige Bewegung in die BCult Kollektion. Die formenden Leggings mit hoher Taille und das st\u00fctzende Top kombinieren Komfort, Flexibilit\u00e4t und auff\u00e4llige Farben f\u00fcr einen selbstbewussten Trainingslook. <\/p>\n<p>Entworfen f\u00fcr Performance-Workouts, Yoga-Praktiken und stilvolle Athleisure-Momente.<\/p>\n<p>Entworfen mit Schweizer Eleganz. Gefertigt in Rio de Janeiro, Brasilien. <\/p>\n","protected":false},"featured_media":31655,"template":"","meta":[],"product_brand":[],"product_cat":[246,251],"product_tag":[],"class_list":{"0":"post-31653","1":"product","2":"type-product","3":"status-publish","4":"has-post-thumbnail","6":"product_cat-legging-set","7":"product_cat-top","9":"first","10":"instock","11":"shipping-taxable","12":"purchasable","13":"product-type-variable"},"_links":{"self":[{"href":"https:\/\/bcult.novosite.top\/de\/wp-json\/wp\/v2\/product\/31653","targetHints":{"allow":["GET"]}}],"collection":[{"href":"https:\/\/bcult.novosite.top\/de\/wp-json\/wp\/v2\/product"}],"about":[{"href":"https:\/\/bcult.novosite.top\/de\/wp-json\/wp\/v2\/types\/product"}],"version-history":[{"count":1,"href":"https:\/\/bcult.novosite.top\/de\/wp-json\/wp\/v2\/product\/31653\/revisions"}],"predecessor-version":[{"id":31654,"href":"https:\/\/bcult.novosite.top\/de\/wp-json\/wp\/v2\/product\/31653\/revisions\/31654"}],"wp:featuredmedia":[{"embeddable":true,"href":"https:\/\/bcult.novosite.top\/de\/wp-json\/wp\/v2\/media\/31655"}],"wp:attachment":[{"href":"https:\/\/bcult.novosite.top\/de\/wp-json\/wp\/v2\/media?parent=31653"}],"wp:term":[{"taxonomy":"product_brand","embeddable":true,"href":"https:\/\/bcult.novosite.top\/de\/wp-json\/wp\/v2\/product_brand?post=31653"},{"taxonomy":"product_cat","embeddable":true,"href":"https:\/\/bcult.novosite.top\/de\/wp-json\/wp\/v2\/product_cat?post=31653"},{"taxonomy":"product_tag","embeddable":true,"href":"https:\/\/bcult.novosite.top\/de\/wp-json\/wp\/v2\/product_tag?post=31653"}],"curies":[{"name":"wp","href":"https:\/\/api.w.org\/{rel}","templated":true}]}}