{"id":30712,"date":"2025-12-27T17:18:04","date_gmt":"2025-12-27T20:18:04","guid":{"rendered":"https:\/\/bcult.novosite.top\/?page_id=30712"},"modified":"2026-02-19T11:09:12","modified_gmt":"2026-02-19T14:09:12","slug":"formulaire-de-retractation","status":"publish","type":"page","link":"https:\/\/bcult.novosite.top\/fr\/formulaire-de-retractation\/","title":{"rendered":"Formulaire de r\u00e9tractation"},"content":{"rendered":"\t\t<div data-elementor-type=\"wp-page\" data-elementor-id=\"30712\" class=\"elementor elementor-30712 elementor-30350\" data-elementor-post-type=\"page\">\n\t\t\t\t<div class=\"elementor-element elementor-element-5f62f8a e-flex e-con-boxed e-con e-parent\" data-id=\"5f62f8a\" data-element_type=\"container\">\n\t\t\t\t\t<div class=\"e-con-inner\">\n\t\t\t\t<div class=\"elementor-element elementor-element-1d32296 elementor-widget elementor-widget-heading\" data-id=\"1d32296\" data-element_type=\"widget\" data-widget_type=\"heading.default\">\n\t\t\t\t\t<h2 class=\"elementor-heading-title elementor-size-default\">Formulaire de r\u00e9tractation<\/h2>\t\t\t\t<\/div>\n\t\t\t\t<div class=\"elementor-element elementor-element-c94b229 elementor-widget-divider--view-line elementor-widget elementor-widget-divider\" data-id=\"c94b229\" data-element_type=\"widget\" data-widget_type=\"divider.default\">\n\t\t\t\t\t\t\t<div class=\"elementor-divider\">\n\t\t\t<span class=\"elementor-divider-separator\">\n\t\t\t\t\t\t<\/span>\n\t\t<\/div>\n\t\t\t\t\t\t<\/div>\n\t\t\t\t<div class=\"elementor-element elementor-element-deb2886 color-scheme-inherit text-left elementor-widget elementor-widget-text-editor\" data-id=\"deb2886\" data-element_type=\"widget\" data-widget_type=\"text-editor.default\">\n\t\t\t\t\t\t\t\t\tSi vous souhaitez vous r\u00e9tracter du contrat, veuillez remplir ce formulaire et nous le renvoyer.\t\t\t\t\t\t\t\t<\/div>\n\t\t\t\t<div class=\"elementor-element elementor-element-eabcb27 bcult-form-reset elementor-button-align-stretch elementor-widget elementor-widget-form\" data-id=\"eabcb27\" data-element_type=\"widget\" data-settings=\"{&quot;step_next_label&quot;:&quot;Pr\\u00e9c\\u00e9dent&quot;,&quot;step_previous_label&quot;:&quot;Pr\\u00e9c\\u00e9dent&quot;,&quot;button_width&quot;:&quot;100&quot;,&quot;step_type&quot;:&quot;number_text&quot;,&quot;step_icon_shape&quot;:&quot;circle&quot;}\" data-widget_type=\"form.default\">\n\t\t\t\t\t\t\t<form class=\"elementor-form\" method=\"post\" name=\"Withdrawal Form\" aria-label=\"Withdrawal Form\">\n\t\t\t<input type=\"hidden\" name=\"post_id\" value=\"30712\"\/>\n\t\t\t<input type=\"hidden\" name=\"form_id\" value=\"eabcb27\"\/>\n\t\t\t<input type=\"hidden\" name=\"referer_title\" value=\"Formulaire de r\u00e9tractationbCult\" \/>\n\n\t\t\t\t\t\t\t<input type=\"hidden\" name=\"queried_id\" value=\"30712\"\/>\n\t\t\t\n\t\t\t<div class=\"elementor-form-fields-wrapper elementor-labels-above\">\n\t\t\t\t\t\t\t\t<div class=\"elementor-field-type-html elementor-field-group elementor-column elementor-field-group-field_791dfe0 elementor-col-100\">\n\t\t\t\t\t<strong>\u00c0:<\/strong><br>\nBCult AG<br>\nJosefstrasse 52<br>\n8005 Zurich, Switzerland<br>\nE-mail: info@bcult.ch\t\t\t\t<\/div>\n\t\t\t\t\t\t\t\t<div class=\"elementor-field-type-textarea elementor-field-group elementor-column elementor-field-group-message elementor-col-100\">\n\t\t\t\t\t\t\t\t\t\t\t\t<label for=\"form-field-message\" class=\"elementor-field-label\">\n\t\t\t\t\t\t\t\tMessage:\t\t\t\t\t\t\t<\/label>\n\t\t\t\t\t\t<textarea class=\"elementor-field-textual elementor-field  elementor-size-sm\" name=\"form_fields[message]\" id=\"form-field-message\" rows=\"4\">Je\/Nous () me\/nous () r\u00e9tracte\/r\u00e9tracte () du contrat conclu par moi\/nous () pour l'achat des biens suivants () \/ la prestation du service suivant () :<\/textarea>\t\t\t\t<\/div>\n\t\t\t\t\t\t\t\t<div class=\"elementor-field-type-radio elementor-field-group elementor-column elementor-field-group-field_e05b3e2 elementor-col-50\">\n\t\t\t\t\t\t\t\t\t\t\t\t<label for=\"form-field-field_e05b3e2\" class=\"elementor-field-label\">\n\t\t\t\t\t\t\t\tVeuillez s\u00e9lectionner la date applicable\u00a0:\t\t\t\t\t\t\t<\/label>\n\t\t\t\t\t\t<div class=\"elementor-field-subgroup  \"><span class=\"elementor-field-option\"><input type=\"radio\" value=\"Command\u00e9 le (si le produit n&#039;a pas encore \u00e9t\u00e9 re\u00e7u)\" id=\"form-field-field_e05b3e2-0\" name=\"form_fields[field_e05b3e2]\"> <label for=\"form-field-field_e05b3e2-0\">Command\u00e9 le (si le produit n'a pas encore \u00e9t\u00e9 re\u00e7u)<\/label><\/span><span class=\"elementor-field-option\"><input type=\"radio\" value=\"Re\u00e7u le (si le produit a d\u00e9j\u00e0 \u00e9t\u00e9 livr\u00e9)\" id=\"form-field-field_e05b3e2-1\" name=\"form_fields[field_e05b3e2]\"> <label for=\"form-field-field_e05b3e2-1\">Re\u00e7u le (si le produit a d\u00e9j\u00e0 \u00e9t\u00e9 livr\u00e9)<\/label><\/span><\/div>\t\t\t\t<\/div>\n\t\t\t\t\t\t\t\t<div class=\"elementor-field-type-date elementor-field-group elementor-column elementor-field-group-field_2eb4c39 elementor-col-50\">\n\t\t\t\t\t\t\t\t\t\t\t\t<label for=\"form-field-field_2eb4c39\" class=\"elementor-field-label\">\n\t\t\t\t\t\t\t\tDate\t\t\t\t\t\t\t<\/label>\n\t\t\t\t\t\t\n\t\t<input type=\"date\" name=\"form_fields[field_2eb4c39]\" id=\"form-field-field_2eb4c39\" class=\"elementor-field elementor-size-sm  elementor-field-textual elementor-date-field\" placeholder=\"(command\u00e9 ou re\u00e7u)\" pattern=\"[0-9]{4}-[0-9]{2}-[0-9]{2}\">\n\t\t\t\t\t\t<\/div>\n\t\t\t\t\t\t\t\t<div class=\"elementor-field-type-text elementor-field-group elementor-column elementor-field-group-name elementor-col-50\">\n\t\t\t\t\t\t\t\t\t\t\t\t<label for=\"form-field-name\" class=\"elementor-field-label\">\n\t\t\t\t\t\t\t\tNom du\/des consommateur(s) :\t\t\t\t\t\t\t<\/label>\n\t\t\t\t\t\t\t\t\t\t\t\t\t\t<input size=\"1\" type=\"text\" name=\"form_fields[name]\" id=\"form-field-name\" class=\"elementor-field elementor-size-sm  elementor-field-textual\" placeholder=\"Nom et pr\u00e9nom\">\n\t\t\t\t\t\t\t\t\t\t\t<\/div>\n\t\t\t\t\t\t\t\t<div class=\"elementor-field-type-email elementor-field-group elementor-column elementor-field-group-field_0aa234c elementor-col-50\">\n\t\t\t\t\t\t\t\t\t\t\t\t<label for=\"form-field-field_0aa234c\" class=\"elementor-field-label\">\n\t\t\t\t\t\t\t\tAdresse \u00e9lectronique du ou des consommateurs\u00a0:\t\t\t\t\t\t\t<\/label>\n\t\t\t\t\t\t\t\t\t\t\t\t\t\t<input size=\"1\" type=\"email\" name=\"form_fields[field_0aa234c]\" id=\"form-field-field_0aa234c\" class=\"elementor-field elementor-size-sm  elementor-field-textual\" placeholder=\"Email\">\n\t\t\t\t\t\t\t\t\t\t\t<\/div>\n\t\t\t\t\t\t\t\t<div class=\"elementor-field-type-textarea elementor-field-group elementor-column elementor-field-group-email elementor-col-100 elementor-field-required\">\n\t\t\t\t\t\t\t\t\t\t\t\t<label for=\"form-field-email\" class=\"elementor-field-label\">\n\t\t\t\t\t\t\t\tAdresse du ou des consommateurs\u00a0:\t\t\t\t\t\t\t<\/label>\n\t\t\t\t\t\t<textarea class=\"elementor-field-textual elementor-field  elementor-size-sm\" name=\"form_fields[email]\" id=\"form-field-email\" rows=\"4\" placeholder=\"Adresse\" required=\"required\"><\/textarea>\t\t\t\t<\/div>\n\t\t\t\t\t\t\t\t<div class=\"elementor-field-type-textarea elementor-field-group elementor-column elementor-field-group-field_8492af9 elementor-col-100 elementor-field-required\">\n\t\t\t\t\t\t\t\t\t\t\t\t<label for=\"form-field-field_8492af9\" class=\"elementor-field-label\">\n\t\t\t\t\t\t\t\tSignature du\/des consommateur(s) (uniquement pour les communications sur papier)\u00a0:\t\t\t\t\t\t\t<\/label>\n\t\t\t\t\t\t<textarea class=\"elementor-field-textual elementor-field  elementor-size-sm\" name=\"form_fields[field_8492af9]\" id=\"form-field-field_8492af9\" rows=\"4\" placeholder=\"Signez ici.\" required=\"required\"><\/textarea>\t\t\t\t<\/div>\n\t\t\t\t\t\t\t\t<div class=\"elementor-field-type-date elementor-field-group elementor-column elementor-field-group-field_9516eff elementor-col-100\">\n\t\t\t\t\t\t\t\t\t\t\t\t<label for=\"form-field-field_9516eff\" class=\"elementor-field-label\">\n\t\t\t\t\t\t\t\tDate de la demande de retrait\t\t\t\t\t\t\t<\/label>\n\t\t\t\t\t\t\n\t\t<input type=\"date\" name=\"form_fields[field_9516eff]\" id=\"form-field-field_9516eff\" class=\"elementor-field elementor-size-sm  elementor-field-textual elementor-date-field\" placeholder=\"Date\" pattern=\"[0-9]{4}-[0-9]{2}-[0-9]{2}\">\n\t\t\t\t\t\t<\/div>\n\t\t\t\t\t\t\t\t<div class=\"elementor-field-type-html elementor-field-group elementor-column elementor-field-group-field_9f8f247 elementor-col-100\">\n\t\t\t\t\t(*) Supprimer la mention inutile.\t\t\t\t<\/div>\n\t\t\t\t\t\t\t\t<div class=\"elementor-field-group elementor-column elementor-field-type-submit elementor-col-100 e-form__buttons\">\n\t\t\t\t\t<button class=\"elementor-button elementor-size-sm\" type=\"submit\">\n\t\t\t\t\t\t<span class=\"elementor-button-content-wrapper\">\n\t\t\t\t\t\t\t\t\t\t\t\t\t\t\t\t\t\t\t\t\t\t<span class=\"elementor-button-text\">Envoyer<\/span>\n\t\t\t\t\t\t\t\t\t\t\t\t\t<\/span>\n\t\t\t\t\t<\/button>\n\t\t\t\t<\/div>\n\t\t\t<\/div>\n\t\t<\/form>\n\t\t\t\t\t\t<\/div>\n\t\t\t\t\t<\/div>\n\t\t\t\t<\/div>\n\t\t\t\t<\/div>\n\t\t","protected":false},"excerpt":{"rendered":"<p>Formulaire de r\u00e9tractation Si vous souhaitez vous r\u00e9tracter du contrat, veuillez remplir ce formulaire et nous le renvoyer.<\/p>\n","protected":false},"author":1,"featured_media":0,"parent":0,"menu_order":0,"comment_status":"closed","ping_status":"closed","template":"elementor_header_footer","meta":{"footnotes":""},"class_list":["post-30712","page","type-page","status-publish","hentry"],"_links":{"self":[{"href":"https:\/\/bcult.novosite.top\/fr\/wp-json\/wp\/v2\/pages\/30712","targetHints":{"allow":["GET"]}}],"collection":[{"href":"https:\/\/bcult.novosite.top\/fr\/wp-json\/wp\/v2\/pages"}],"about":[{"href":"https:\/\/bcult.novosite.top\/fr\/wp-json\/wp\/v2\/types\/page"}],"author":[{"embeddable":true,"href":"https:\/\/bcult.novosite.top\/fr\/wp-json\/wp\/v2\/users\/1"}],"replies":[{"embeddable":true,"href":"https:\/\/bcult.novosite.top\/fr\/wp-json\/wp\/v2\/comments?post=30712"}],"version-history":[{"count":10,"href":"https:\/\/bcult.novosite.top\/fr\/wp-json\/wp\/v2\/pages\/30712\/revisions"}],"predecessor-version":[{"id":31434,"href":"https:\/\/bcult.novosite.top\/fr\/wp-json\/wp\/v2\/pages\/30712\/revisions\/31434"}],"wp:attachment":[{"href":"https:\/\/bcult.novosite.top\/fr\/wp-json\/wp\/v2\/media?parent=30712"}],"curies":[{"name":"wp","href":"https:\/\/api.w.org\/{rel}","templated":true}]}}