{"id":30836,"date":"2025-12-27T16:34:23","date_gmt":"2025-12-27T19:34:23","guid":{"rendered":"https:\/\/bcult.novosite.top\/clause-de-non-responsabilite-et-note-sur-la-tva\/"},"modified":"2026-02-19T10:29:16","modified_gmt":"2026-02-19T13:29:16","slug":"clause-de-non-responsabilite-et-note-sur-la-tva","status":"publish","type":"page","link":"https:\/\/bcult.novosite.top\/fr\/clause-de-non-responsabilite-et-note-sur-la-tva\/","title":{"rendered":"Avis de non-responsabilit\u00e9 et note sur la TVA"},"content":{"rendered":"\t\t<div data-elementor-type=\"wp-page\" data-elementor-id=\"30836\" class=\"elementor elementor-30836 elementor-30335\" data-elementor-post-type=\"page\">\n\t\t\t\t<div class=\"elementor-element elementor-element-5f62f8a e-flex e-con-boxed e-con e-parent\" data-id=\"5f62f8a\" data-element_type=\"container\">\n\t\t\t\t\t<div class=\"e-con-inner\">\n\t\t\t\t<div class=\"elementor-element elementor-element-1d32296 elementor-widget elementor-widget-heading\" data-id=\"1d32296\" data-element_type=\"widget\" data-widget_type=\"heading.default\">\n\t\t\t\t\t<h2 class=\"elementor-heading-title elementor-size-default\">CLAUSE DE NON-RESPONSABILIT\u00c9 ET NOTE SUR LA TVA<\/h2>\t\t\t\t<\/div>\n\t\t\t\t<div class=\"elementor-element elementor-element-c94b229 elementor-widget-divider--view-line elementor-widget elementor-widget-divider\" data-id=\"c94b229\" data-element_type=\"widget\" data-widget_type=\"divider.default\">\n\t\t\t\t\t\t\t<div class=\"elementor-divider\">\n\t\t\t<span class=\"elementor-divider-separator\">\n\t\t\t\t\t\t<\/span>\n\t\t<\/div>\n\t\t\t\t\t\t<\/div>\n\t\t\t\t<div class=\"elementor-element elementor-element-deb2886 color-scheme-inherit text-left elementor-widget elementor-widget-text-editor\" data-id=\"deb2886\" data-element_type=\"widget\" data-widget_type=\"text-editor.default\">\n\t\t\t\t\t\t\t\t\tBCult AG d\u00e9cline toute responsabilit\u00e9 quant aux liens externes et aux contenus de tiers. Les informations pr\u00e9sentes sur ce site web sont \u00e9labor\u00e9es\n\navec le plus grand soin ; toutefois, aucune garantie n\u2019est donn\u00e9e quant \u00e0 leur exactitude, leur exhaustivit\u00e9 ou leur actualit\u00e9.\n\nConform\u00e9ment \u00e0 l\u2019article 10 de la loi suisse sur la TVA, BCult AG n\u2019est actuellement pas assujettie \u00e0 la TVA.\t\t\t\t\t\t\t\t<\/div>\n\t\t\t\t\t<\/div>\n\t\t\t\t<\/div>\n\t\t\t\t<\/div>\n\t\t","protected":false},"excerpt":{"rendered":"<p>CLAUSE DE NON-RESPONSABILIT\u00c9 ET NOTE SUR LA TVA BCult AG d\u00e9cline toute responsabilit\u00e9 quant aux liens externes et aux contenus<\/p>\n","protected":false},"author":1,"featured_media":0,"parent":0,"menu_order":0,"comment_status":"closed","ping_status":"closed","template":"elementor_header_footer","meta":{"footnotes":""},"class_list":["post-30836","page","type-page","status-publish","hentry"],"_links":{"self":[{"href":"https:\/\/bcult.novosite.top\/fr\/wp-json\/wp\/v2\/pages\/30836","targetHints":{"allow":["GET"]}}],"collection":[{"href":"https:\/\/bcult.novosite.top\/fr\/wp-json\/wp\/v2\/pages"}],"about":[{"href":"https:\/\/bcult.novosite.top\/fr\/wp-json\/wp\/v2\/types\/page"}],"author":[{"embeddable":true,"href":"https:\/\/bcult.novosite.top\/fr\/wp-json\/wp\/v2\/users\/1"}],"replies":[{"embeddable":true,"href":"https:\/\/bcult.novosite.top\/fr\/wp-json\/wp\/v2\/comments?post=30836"}],"version-history":[{"count":5,"href":"https:\/\/bcult.novosite.top\/fr\/wp-json\/wp\/v2\/pages\/30836\/revisions"}],"predecessor-version":[{"id":31382,"href":"https:\/\/bcult.novosite.top\/fr\/wp-json\/wp\/v2\/pages\/30836\/revisions\/31382"}],"wp:attachment":[{"href":"https:\/\/bcult.novosite.top\/fr\/wp-json\/wp\/v2\/media?parent=30836"}],"curies":[{"name":"wp","href":"https:\/\/api.w.org\/{rel}","templated":true}]}}