{"id":30921,"date":"2025-12-27T15:35:32","date_gmt":"2025-12-27T18:35:32","guid":{"rendered":"https:\/\/bcult.novosite.top\/politique-dexpedition\/"},"modified":"2026-02-19T10:01:50","modified_gmt":"2026-02-19T13:01:50","slug":"politique-dexpedition","status":"publish","type":"page","link":"https:\/\/bcult.novosite.top\/fr\/politique-dexpedition\/","title":{"rendered":"Politique d&rsquo;exp\u00e9dition"},"content":{"rendered":"\t\t<div data-elementor-type=\"wp-page\" data-elementor-id=\"30921\" class=\"elementor elementor-30921 elementor-30312\" data-elementor-post-type=\"page\">\n\t\t\t\t<div class=\"elementor-element elementor-element-5f62f8a e-flex e-con-boxed e-con e-parent\" data-id=\"5f62f8a\" data-element_type=\"container\">\n\t\t\t\t\t<div class=\"e-con-inner\">\n\t\t\t\t<div class=\"elementor-element elementor-element-1d32296 elementor-widget elementor-widget-heading\" data-id=\"1d32296\" data-element_type=\"widget\" data-widget_type=\"heading.default\">\n\t\t\t\t\t<h2 class=\"elementor-heading-title elementor-size-default\">POLITIQUE D'EXP\u00c9DITION<\/h2>\t\t\t\t<\/div>\n\t\t\t\t<div class=\"elementor-element elementor-element-c94b229 elementor-widget-divider--view-line elementor-widget elementor-widget-divider\" data-id=\"c94b229\" data-element_type=\"widget\" data-widget_type=\"divider.default\">\n\t\t\t\t\t\t\t<div class=\"elementor-divider\">\n\t\t\t<span class=\"elementor-divider-separator\">\n\t\t\t\t\t\t<\/span>\n\t\t<\/div>\n\t\t\t\t\t\t<\/div>\n\t\t\t\t<div class=\"elementor-element elementor-element-deb2886 color-scheme-inherit text-left elementor-widget elementor-widget-text-editor\" data-id=\"deb2886\" data-element_type=\"widget\" data-widget_type=\"text-editor.default\">\n\t\t\t\t\t\t\t\t\t<ul><li><strong>Livraisons nationales en Suisse :<\/strong> 3-5 jours ouvrables (Poste Suisse).<\/li><li><strong>Livraisons internationales :<\/strong> 7-14 jours ouvrables (DHL Express, livr\u00e9 en droits acquitt\u00e9s).<\/li><li><strong>D\u00e9lais de livraison :<\/strong> Les d\u00e9lais de livraison s&rsquo;entendent en jours ouvrables \u00e0 compter de la date d&rsquo;exp\u00e9dition. Aucune livraison n&rsquo;est effectu\u00e9e les week-ends et les jours f\u00e9ri\u00e9s. <\/li><li><strong>Remarque importante concernant la logistique :<\/strong> pour des raisons logistiques, certains de nos produits peuvent \u00eatre exp\u00e9di\u00e9s directement depuis notre centre de distribution au Br\u00e9sil. Dans ce cas, le d\u00e9lai de livraison peut \u00eatre plus long. Toutefois, nous vous garantissons qu&rsquo;il n&rsquo;y aura pas de frais suppl\u00e9mentaires pour vous. Tous les envois sont effectu\u00e9s par DHL Express avec DDP (Delivered Duty Paid) &#8211; Bcult prend en charge tous les droits et taxes d&rsquo;importation. Les clients ne paient pas de frais de douane ou d&rsquo;importation.    <\/li><\/ul>\t\t\t\t\t\t\t\t<\/div>\n\t\t\t\t\t<\/div>\n\t\t\t\t<\/div>\n\t\t\t\t<\/div>\n\t\t","protected":false},"excerpt":{"rendered":"<p>POLITIQUE D&rsquo;EXP\u00c9DITION Livraisons nationales en Suisse : 3-5 jours ouvrables (Poste Suisse). Livraisons internationales : 7-14 jours ouvrables (DHL Express,<\/p>\n","protected":false},"author":1,"featured_media":0,"parent":0,"menu_order":0,"comment_status":"closed","ping_status":"closed","template":"elementor_header_footer","meta":{"footnotes":""},"class_list":["post-30921","page","type-page","status-publish","hentry"],"_links":{"self":[{"href":"https:\/\/bcult.novosite.top\/fr\/wp-json\/wp\/v2\/pages\/30921","targetHints":{"allow":["GET"]}}],"collection":[{"href":"https:\/\/bcult.novosite.top\/fr\/wp-json\/wp\/v2\/pages"}],"about":[{"href":"https:\/\/bcult.novosite.top\/fr\/wp-json\/wp\/v2\/types\/page"}],"author":[{"embeddable":true,"href":"https:\/\/bcult.novosite.top\/fr\/wp-json\/wp\/v2\/users\/1"}],"replies":[{"embeddable":true,"href":"https:\/\/bcult.novosite.top\/fr\/wp-json\/wp\/v2\/comments?post=30921"}],"version-history":[{"count":1,"href":"https:\/\/bcult.novosite.top\/fr\/wp-json\/wp\/v2\/pages\/30921\/revisions"}],"predecessor-version":[{"id":30924,"href":"https:\/\/bcult.novosite.top\/fr\/wp-json\/wp\/v2\/pages\/30921\/revisions\/30924"}],"wp:attachment":[{"href":"https:\/\/bcult.novosite.top\/fr\/wp-json\/wp\/v2\/media?parent=30921"}],"curies":[{"name":"wp","href":"https:\/\/api.w.org\/{rel}","templated":true}]}}