{"id":30946,"date":"2025-12-27T16:39:41","date_gmt":"2025-12-27T19:39:41","guid":{"rendered":"https:\/\/bcult.novosite.top\/politique-de-paiement\/"},"modified":"2026-02-19T11:03:40","modified_gmt":"2026-02-19T14:03:40","slug":"politique-de-paiement","status":"publish","type":"page","link":"https:\/\/bcult.novosite.top\/fr\/politique-de-paiement\/","title":{"rendered":"Politique de paiement"},"content":{"rendered":"\t\t<div data-elementor-type=\"wp-page\" data-elementor-id=\"30946\" class=\"elementor elementor-30946 elementor-30345\" data-elementor-post-type=\"page\">\n\t\t\t\t<div class=\"elementor-element elementor-element-5f62f8a e-flex e-con-boxed e-con e-parent\" data-id=\"5f62f8a\" data-element_type=\"container\">\n\t\t\t\t\t<div class=\"e-con-inner\">\n\t\t\t\t<div class=\"elementor-element elementor-element-1d32296 elementor-widget elementor-widget-heading\" data-id=\"1d32296\" data-element_type=\"widget\" data-widget_type=\"heading.default\">\n\t\t\t\t\t<h2 class=\"elementor-heading-title elementor-size-default\">POLITIQUE DE PAIEMENT<\/h2>\t\t\t\t<\/div>\n\t\t\t\t<div class=\"elementor-element elementor-element-c94b229 elementor-widget-divider--view-line elementor-widget elementor-widget-divider\" data-id=\"c94b229\" data-element_type=\"widget\" data-widget_type=\"divider.default\">\n\t\t\t\t\t\t\t<div class=\"elementor-divider\">\n\t\t\t<span class=\"elementor-divider-separator\">\n\t\t\t\t\t\t<\/span>\n\t\t<\/div>\n\t\t\t\t\t\t<\/div>\n\t\t\t\t<div class=\"elementor-element elementor-element-deb2886 color-scheme-inherit text-left elementor-widget elementor-widget-text-editor\" data-id=\"deb2886\" data-element_type=\"widget\" data-widget_type=\"text-editor.default\">\n\t\t\t\t\t\t\t\t\t<ul><li><strong>Modes de paiement accept\u00e9s : <\/strong>BCult AG accepte les modes de paiement suivants via PostFinance Checkout : PostFinance Pay (anciennement PostFinance Card et PostFinance E-Finance), TWINT (paiement mobile), Visa et Mastercard (cartes de d\u00e9bit et de cr\u00e9dit), Apple Pay et Google Pay.<\/li><li><strong>D\u00e9lai de paiement :<\/strong> Tous les paiements sont effectu\u00e9s \u00e0 l&rsquo;avance. Les commandes ne sont trait\u00e9es et exp\u00e9di\u00e9es qu&rsquo;apr\u00e8s confirmation du paiement. <\/li><li><strong>S\u00e9curit\u00e9 des paiements :<\/strong> Tous les paiements sont trait\u00e9s via la plateforme de paiement s\u00e9curis\u00e9e PostFinance Checkout. BCult AG ne conserve aucune information de carte de cr\u00e9dit. <\/li><li><strong>Politique de remboursement :<\/strong> Pour les retours approuv\u00e9s, les remboursements seront effectu\u00e9s dans les 14 jours suivant la r\u00e9ception des marchandises retourn\u00e9es via la m\u00e9thode de paiement originale. Les produits doivent \u00eatre inutilis\u00e9s et dans leur emballage d&rsquo;origine. <\/li><li><strong>Retard de paiement :<\/strong> En cas de retard de paiement, nous nous r\u00e9servons le droit de facturer des frais de rappel.<\/li><\/ul>\t\t\t\t\t\t\t\t<\/div>\n\t\t\t\t\t<\/div>\n\t\t\t\t<\/div>\n\t\t\t\t<\/div>\n\t\t","protected":false},"excerpt":{"rendered":"<p>POLITIQUE DE PAIEMENT Modes de paiement accept\u00e9s : BCult AG accepte les modes de paiement suivants via PostFinance Checkout :<\/p>\n","protected":false},"author":1,"featured_media":0,"parent":0,"menu_order":0,"comment_status":"closed","ping_status":"closed","template":"elementor_header_footer","meta":{"footnotes":""},"class_list":["post-30946","page","type-page","status-publish","hentry"],"_links":{"self":[{"href":"https:\/\/bcult.novosite.top\/fr\/wp-json\/wp\/v2\/pages\/30946","targetHints":{"allow":["GET"]}}],"collection":[{"href":"https:\/\/bcult.novosite.top\/fr\/wp-json\/wp\/v2\/pages"}],"about":[{"href":"https:\/\/bcult.novosite.top\/fr\/wp-json\/wp\/v2\/types\/page"}],"author":[{"embeddable":true,"href":"https:\/\/bcult.novosite.top\/fr\/wp-json\/wp\/v2\/users\/1"}],"replies":[{"embeddable":true,"href":"https:\/\/bcult.novosite.top\/fr\/wp-json\/wp\/v2\/comments?post=30946"}],"version-history":[{"count":2,"href":"https:\/\/bcult.novosite.top\/fr\/wp-json\/wp\/v2\/pages\/30946\/revisions"}],"predecessor-version":[{"id":31417,"href":"https:\/\/bcult.novosite.top\/fr\/wp-json\/wp\/v2\/pages\/30946\/revisions\/31417"}],"wp:attachment":[{"href":"https:\/\/bcult.novosite.top\/fr\/wp-json\/wp\/v2\/media?parent=30946"}],"curies":[{"name":"wp","href":"https:\/\/api.w.org\/{rel}","templated":true}]}}