{"id":30950,"date":"2025-12-27T15:10:24","date_gmt":"2025-12-27T18:10:24","guid":{"rendered":"https:\/\/bcult.novosite.top\/conditions-generales-dutilisation\/"},"modified":"2026-02-19T10:47:44","modified_gmt":"2026-02-19T13:47:44","slug":"conditions-generales-dutilisation","status":"publish","type":"page","link":"https:\/\/bcult.novosite.top\/fr\/conditions-generales-dutilisation\/","title":{"rendered":"Conditions g\u00e9n\u00e9rales d&rsquo;utilisation"},"content":{"rendered":"\t\t<div data-elementor-type=\"wp-page\" data-elementor-id=\"30950\" class=\"elementor elementor-30950 elementor-30293\" data-elementor-post-type=\"page\">\n\t\t\t\t<div class=\"elementor-element elementor-element-5f62f8a e-flex e-con-boxed e-con e-parent\" data-id=\"5f62f8a\" data-element_type=\"container\">\n\t\t\t\t\t<div class=\"e-con-inner\">\n\t\t\t\t<div class=\"elementor-element elementor-element-1d32296 elementor-widget elementor-widget-heading\" data-id=\"1d32296\" data-element_type=\"widget\" data-widget_type=\"heading.default\">\n\t\t\t\t\t<h2 class=\"elementor-heading-title elementor-size-default\">CONDITIONS G\u00c9N\u00c9RALES<\/h2>\t\t\t\t<\/div>\n\t\t\t\t<div class=\"elementor-element elementor-element-c94b229 elementor-widget-divider--view-line elementor-widget elementor-widget-divider\" data-id=\"c94b229\" data-element_type=\"widget\" data-widget_type=\"divider.default\">\n\t\t\t\t\t\t\t<div class=\"elementor-divider\">\n\t\t\t<span class=\"elementor-divider-separator\">\n\t\t\t\t\t\t<\/span>\n\t\t<\/div>\n\t\t\t\t\t\t<\/div>\n\t\t\t\t<div class=\"elementor-element elementor-element-deb2886 color-scheme-inherit text-left elementor-widget elementor-widget-text-editor\" data-id=\"deb2886\" data-element_type=\"widget\" data-widget_type=\"text-editor.default\">\n\t\t\t\t\t\t\t\t\t<p>Les pr\u00e9sentes Conditions g\u00e9n\u00e9rales s\u2019appliquent \u00e0 toutes les commandes, livraisons et prestations de BCult AG. En passant commande, le client accepte ces conditions : <\/p><ul><li><strong>Conclusion du contrat :<\/strong> un contrat est form\u00e9 lorsque le client passe une commande dans la boutique en ligne et re\u00e7oit une confirmation.<\/li><li><strong>Prix :<\/strong> Tous les prix sont indiqu\u00e9s en CHF. Conform\u00e9ment \u00e0 l\u2019art. 10 de la loi suisse sur la TVA, BCult AG n\u2019est actuellement pas assujettie \u00e0 la TVA. <\/li><li><strong>Exp\u00e9dition :<\/strong> Les livraisons en Suisse sont assur\u00e9es par La Poste Suisse. Les envois internationaux sont trait\u00e9s par DHL Express (Delivered Duty Paid) ; les clients ne paient pas de frais de douane ou d&rsquo;importation. <\/li><li><strong>Paiement :<\/strong> Les paiements sont effectu\u00e9s \u00e0 l&rsquo;avance en utilisant les modes de paiement propos\u00e9s dans la boutique en ligne.<\/li><li><strong>Droit de r\u00e9tractation : <\/strong>Les clients ont le droit de r\u00e9silier le contrat dans les 14 jours suivant la r\u00e9ception des marchandises, \u00e0 condition que les produits n&rsquo;aient pas \u00e9t\u00e9 utilis\u00e9s et qu&rsquo;ils soient dans leur emballage d&rsquo;origine.<\/li><li><strong>Juridiction :<\/strong> Zurich, Suisse.<\/li><li><strong>Retard de paiement :<\/strong> En cas de retard de paiement, nous nous r\u00e9servons le droit de facturer des frais de rappel.<\/li><\/ul>\t\t\t\t\t\t\t\t<\/div>\n\t\t\t\t\t<\/div>\n\t\t\t\t<\/div>\n\t\t\t\t<\/div>\n\t\t","protected":false},"excerpt":{"rendered":"<p>CONDITIONS G\u00c9N\u00c9RALES Les pr\u00e9sentes Conditions g\u00e9n\u00e9rales s\u2019appliquent \u00e0 toutes les commandes, livraisons et prestations de BCult AG. En passant commande,<\/p>\n","protected":false},"author":1,"featured_media":0,"parent":0,"menu_order":0,"comment_status":"closed","ping_status":"closed","template":"elementor_header_footer","meta":{"footnotes":""},"class_list":["post-30950","page","type-page","status-publish","hentry"],"_links":{"self":[{"href":"https:\/\/bcult.novosite.top\/fr\/wp-json\/wp\/v2\/pages\/30950","targetHints":{"allow":["GET"]}}],"collection":[{"href":"https:\/\/bcult.novosite.top\/fr\/wp-json\/wp\/v2\/pages"}],"about":[{"href":"https:\/\/bcult.novosite.top\/fr\/wp-json\/wp\/v2\/types\/page"}],"author":[{"embeddable":true,"href":"https:\/\/bcult.novosite.top\/fr\/wp-json\/wp\/v2\/users\/1"}],"replies":[{"embeddable":true,"href":"https:\/\/bcult.novosite.top\/fr\/wp-json\/wp\/v2\/comments?post=30950"}],"version-history":[{"count":2,"href":"https:\/\/bcult.novosite.top\/fr\/wp-json\/wp\/v2\/pages\/30950\/revisions"}],"predecessor-version":[{"id":31398,"href":"https:\/\/bcult.novosite.top\/fr\/wp-json\/wp\/v2\/pages\/30950\/revisions\/31398"}],"wp:attachment":[{"href":"https:\/\/bcult.novosite.top\/fr\/wp-json\/wp\/v2\/media?parent=30950"}],"curies":[{"name":"wp","href":"https:\/\/api.w.org\/{rel}","templated":true}]}}