{"id":31600,"date":"2026-03-16T12:11:20","date_gmt":"2026-03-16T15:11:20","guid":{"rendered":"https:\/\/bcult.novosite.top\/product\/ensemble-sculpture-cappuccino-top-short\/"},"modified":"2026-03-16T12:11:20","modified_gmt":"2026-03-16T15:11:20","slug":"ensemble-sculpture-cappuccino-top-short","status":"publish","type":"product","link":"https:\/\/bcult.novosite.top\/fr\/produit\/ensemble-sculpture-cappuccino-top-short\/","title":{"rendered":"Ensemble Sculpture Cappuccino (Top + Short)"},"content":{"rendered":"<p>L&rsquo;ensemble Cappuccino Sculpt combine un design raffin\u00e9 avec un confort de haute performance. Le haut de maintien et le short sculptant \u00e0 taille haute cr\u00e9ent une silhouette \u00e9l\u00e9gante qui am\u00e9liore les mouvements naturels tout en conservant une allure athl\u00e9tique \u00e9l\u00e9gante. <\/p>\n<p>Con\u00e7u avec un tissu extensible dans les quatre sens et respirant, cet ensemble offre souplesse, confort et soutien pendant les s\u00e9ances d&rsquo;entra\u00eenement, les sessions de yoga ou les tenues de loisir de tous les jours. Le haut racerback am\u00e9liore la mobilit\u00e9 tandis que le short taille haute offre une coupe sculpt\u00e9e flatteuse. <\/p>\n<p>Un ensemble polyvalent qui allie l&rsquo;\u00e9l\u00e9gance europ\u00e9enne minimaliste \u00e0 l&rsquo;\u00e9nergie et au savoir-faire br\u00e9siliens.<\/p>\n<p><strong>Composition du tissu<\/strong><\/p>\n<ul>\n<li>76% Polyamide<\/li>\n<li>24% Elastane<\/li>\n<\/ul>\n<p><strong>Instructions d&rsquo;entretien<\/strong><\/p>\n<ul>\n<li>Lavage en machine \u00e0 froid<\/li>\n<li>Ne pas blanchir<\/li>\n<li>Ne pas s\u00e9cher au s\u00e8che-linge<\/li>\n<li>S\u00e9chage \u00e0 l&rsquo;ombre<\/li>\n<li>Ne pas repasser<\/li>\n<\/ul>\n","protected":false},"excerpt":{"rendered":"<p>L&rsquo;ensemble Cappuccino Sculpt combine un design raffin\u00e9 avec un confort de haute performance. Le haut de maintien et le short sculptant \u00e0 taille haute cr\u00e9ent une silhouette \u00e9l\u00e9gante qui am\u00e9liore les mouvements naturels tout en conservant une allure athl\u00e9tique \u00e9l\u00e9gante. <\/p>\n<p>Con\u00e7u avec un tissu extensible dans les quatre sens et respirant, cet ensemble offre souplesse, confort et soutien pendant les s\u00e9ances d&rsquo;entra\u00eenement, les sessions de yoga ou les tenues de loisir de tous les jours. Le haut racerback am\u00e9liore la mobilit\u00e9 tandis que le short taille haute offre une coupe sculpt\u00e9e flatteuse. <\/p>\n<p>Un ensemble polyvalent qui allie l&rsquo;\u00e9l\u00e9gance europ\u00e9enne minimaliste \u00e0 l&rsquo;\u00e9nergie et au savoir-faire br\u00e9siliens.<\/p>\n<p>Con\u00e7u avec l&rsquo;\u00e9l\u00e9gance suisse. Fabriqu\u00e9 \u00e0 Rio de Janeiro, Br\u00e9sil. <\/p>\n","protected":false},"featured_media":31579,"template":"","meta":[],"product_brand":[],"product_cat":[248],"product_tag":[],"class_list":{"0":"post-31600","1":"product","2":"type-product","3":"status-publish","4":"has-post-thumbnail","6":"product_cat-ensemble-legging","8":"first","9":"instock","10":"shipping-taxable","11":"purchasable","12":"product-type-variable"},"_links":{"self":[{"href":"https:\/\/bcult.novosite.top\/fr\/wp-json\/wp\/v2\/product\/31600","targetHints":{"allow":["GET"]}}],"collection":[{"href":"https:\/\/bcult.novosite.top\/fr\/wp-json\/wp\/v2\/product"}],"about":[{"href":"https:\/\/bcult.novosite.top\/fr\/wp-json\/wp\/v2\/types\/product"}],"version-history":[{"count":0,"href":"https:\/\/bcult.novosite.top\/fr\/wp-json\/wp\/v2\/product\/31600\/revisions"}],"wp:featuredmedia":[{"embeddable":true,"href":"https:\/\/bcult.novosite.top\/fr\/wp-json\/wp\/v2\/media\/31579"}],"wp:attachment":[{"href":"https:\/\/bcult.novosite.top\/fr\/wp-json\/wp\/v2\/media?parent=31600"}],"wp:term":[{"taxonomy":"product_brand","embeddable":true,"href":"https:\/\/bcult.novosite.top\/fr\/wp-json\/wp\/v2\/product_brand?post=31600"},{"taxonomy":"product_cat","embeddable":true,"href":"https:\/\/bcult.novosite.top\/fr\/wp-json\/wp\/v2\/product_cat?post=31600"},{"taxonomy":"product_tag","embeddable":true,"href":"https:\/\/bcult.novosite.top\/fr\/wp-json\/wp\/v2\/product_tag?post=31600"}],"curies":[{"name":"wp","href":"https:\/\/api.w.org\/{rel}","templated":true}]}}