{"id":31606,"date":"2026-03-16T12:05:00","date_gmt":"2026-03-16T15:05:00","guid":{"rendered":"https:\/\/bcult.novosite.top\/product\/eclipse-sculpt-set-black\/"},"modified":"2026-03-16T12:05:00","modified_gmt":"2026-03-16T15:05:00","slug":"eclipse-sculpt-set-black","status":"publish","type":"product","link":"https:\/\/bcult.novosite.top\/fr\/produit\/eclipse-sculpt-set-black\/","title":{"rendered":"Eclipse Sculpt Set Black"},"content":{"rendered":"<p>Issu de la collection BCult, l&rsquo;ensemble Eclipse Sculpt allie performance et \u00e9l\u00e9gance minimaliste. Con\u00e7us avec un tissu performant de premi\u00e8re qualit\u00e9, le haut et le legging coordonn\u00e9s cr\u00e9ent une silhouette puissante tout en offrant confort et libert\u00e9 de mouvement. <\/p>\n<p>Parfait pour l&rsquo;entra\u00eenement, les s\u00e9ances de yoga ou les tenues d&rsquo;athl\u00e9tisme.<\/p>\n<p><strong>Composition du tissu<\/strong><\/p>\n<ul>\n<li><strong> <\/strong>  76,8% Polyamide<\/li>\n<li>  23,2% Elasthanne<\/li>\n<\/ul>\n<p><strong>Points forts<\/strong><\/p>\n<ul>\n<li>Leggings sculptants \u00e0 taille haute<\/li>\n<li>Tissu extensible respirant \u00e0 quatre voies<\/li>\n<li>Top de sport \u00e0 soutien moyen<\/li>\n<li>Tissu de performance doux au toucher<\/li>\n<li>Con\u00e7u pour l&rsquo;entra\u00eenement et les loisirs quotidiens<\/li>\n<li>Fabriqu\u00e9 au Br\u00e9sil<\/li>\n<\/ul>\n","protected":false},"excerpt":{"rendered":"<p>Issu de la collection BCult, l&rsquo;ensemble Eclipse Sculpt allie performance et \u00e9l\u00e9gance minimaliste. Con\u00e7us avec un tissu performant de premi\u00e8re qualit\u00e9, le haut et le legging coordonn\u00e9s cr\u00e9ent une silhouette puissante tout en offrant confort et libert\u00e9 de mouvement. <\/p>\n<p>Parfait pour l&rsquo;entra\u00eenement, les s\u00e9ances de yoga ou les tenues d&rsquo;athl\u00e9tisme.<\/p>\n<p>&nbsp;<\/p>\n","protected":false},"featured_media":31605,"template":"","meta":[],"product_brand":[],"product_cat":[248],"product_tag":[],"class_list":{"0":"post-31606","1":"product","2":"type-product","3":"status-publish","4":"has-post-thumbnail","6":"product_cat-ensemble-legging","8":"first","9":"instock","10":"shipping-taxable","11":"purchasable","12":"product-type-variable"},"_links":{"self":[{"href":"https:\/\/bcult.novosite.top\/fr\/wp-json\/wp\/v2\/product\/31606","targetHints":{"allow":["GET"]}}],"collection":[{"href":"https:\/\/bcult.novosite.top\/fr\/wp-json\/wp\/v2\/product"}],"about":[{"href":"https:\/\/bcult.novosite.top\/fr\/wp-json\/wp\/v2\/types\/product"}],"version-history":[{"count":0,"href":"https:\/\/bcult.novosite.top\/fr\/wp-json\/wp\/v2\/product\/31606\/revisions"}],"wp:featuredmedia":[{"embeddable":true,"href":"https:\/\/bcult.novosite.top\/fr\/wp-json\/wp\/v2\/media\/31605"}],"wp:attachment":[{"href":"https:\/\/bcult.novosite.top\/fr\/wp-json\/wp\/v2\/media?parent=31606"}],"wp:term":[{"taxonomy":"product_brand","embeddable":true,"href":"https:\/\/bcult.novosite.top\/fr\/wp-json\/wp\/v2\/product_brand?post=31606"},{"taxonomy":"product_cat","embeddable":true,"href":"https:\/\/bcult.novosite.top\/fr\/wp-json\/wp\/v2\/product_cat?post=31606"},{"taxonomy":"product_tag","embeddable":true,"href":"https:\/\/bcult.novosite.top\/fr\/wp-json\/wp\/v2\/product_tag?post=31606"}],"curies":[{"name":"wp","href":"https:\/\/api.w.org\/{rel}","templated":true}]}}