{"id":31624,"date":"2026-03-16T11:56:29","date_gmt":"2026-03-16T14:56:29","guid":{"rendered":"https:\/\/bcult.novosite.top\/product\/quartz-sculpt-top-gris\/"},"modified":"2026-03-16T11:56:29","modified_gmt":"2026-03-16T14:56:29","slug":"quartz-sculpt-top-gris","status":"publish","type":"product","link":"https:\/\/bcult.novosite.top\/fr\/produit\/quartz-sculpt-top-gris\/","title":{"rendered":"Quartz Sculpt Top Gris"},"content":{"rendered":"<p>Le haut Quartz Sculpt allie performance et design raffin\u00e9. Sa structure de soutien et son tissu doux et extensible offrent confort et libert\u00e9 de mouvement tout en conservant une silhouette \u00e9l\u00e9gante. <\/p>\n<p>Id\u00e9al pour les s\u00e9ances d&rsquo;entra\u00eenement, les s\u00e9ances de yoga ou les tenues athl\u00e9tiques superpos\u00e9es.<\/p>\n<p>Con\u00e7u avec l&rsquo;\u00e9l\u00e9gance suisse. Fabriqu\u00e9 \u00e0 Rio de Janeiro, Br\u00e9sil. <\/p>\n<p><strong>Composition du tissu<\/strong><\/p>\n<ul>\n<li>76% Polyamide<\/li>\n<li>24% Elastane<\/li>\n<li>Instructions d&rsquo;entretien<\/li>\n<\/ul>\n<p><strong>Lavage en machine \u00e0 froid<\/strong><\/p>\n<ul>\n<li>Ne pas blanchir<\/li>\n<li>Ne pas s\u00e9cher au s\u00e8che-linge<\/li>\n<li>S\u00e9chage \u00e0 l&rsquo;ombre<\/li>\n<li>Ne pas repasser<\/li>\n<\/ul>\n","protected":false},"excerpt":{"rendered":"<p>Le haut Quartz Sculpt allie performance et design raffin\u00e9. Sa structure de soutien et son tissu extensible souple offrent confort et libert\u00e9 de mouvement tout en conservant une silhouette \u00e9l\u00e9gante. <\/p>\n<p>Id\u00e9al pour les s\u00e9ances d&rsquo;entra\u00eenement, les s\u00e9ances de yoga ou les tenues athl\u00e9tiques superpos\u00e9es.<\/p>\n<p>Con\u00e7u avec l&rsquo;\u00e9l\u00e9gance suisse. Fabriqu\u00e9 \u00e0 Rio de Janeiro, Br\u00e9sil. <\/p>\n","protected":false},"featured_media":31622,"template":"","meta":[],"product_brand":[],"product_cat":[118],"product_tag":[],"class_list":{"0":"post-31624","1":"product","2":"type-product","3":"status-publish","4":"has-post-thumbnail","6":"product_cat-hauts","8":"first","9":"instock","10":"shipping-taxable","11":"purchasable","12":"product-type-variable"},"_links":{"self":[{"href":"https:\/\/bcult.novosite.top\/fr\/wp-json\/wp\/v2\/product\/31624","targetHints":{"allow":["GET"]}}],"collection":[{"href":"https:\/\/bcult.novosite.top\/fr\/wp-json\/wp\/v2\/product"}],"about":[{"href":"https:\/\/bcult.novosite.top\/fr\/wp-json\/wp\/v2\/types\/product"}],"version-history":[{"count":0,"href":"https:\/\/bcult.novosite.top\/fr\/wp-json\/wp\/v2\/product\/31624\/revisions"}],"wp:featuredmedia":[{"embeddable":true,"href":"https:\/\/bcult.novosite.top\/fr\/wp-json\/wp\/v2\/media\/31622"}],"wp:attachment":[{"href":"https:\/\/bcult.novosite.top\/fr\/wp-json\/wp\/v2\/media?parent=31624"}],"wp:term":[{"taxonomy":"product_brand","embeddable":true,"href":"https:\/\/bcult.novosite.top\/fr\/wp-json\/wp\/v2\/product_brand?post=31624"},{"taxonomy":"product_cat","embeddable":true,"href":"https:\/\/bcult.novosite.top\/fr\/wp-json\/wp\/v2\/product_cat?post=31624"},{"taxonomy":"product_tag","embeddable":true,"href":"https:\/\/bcult.novosite.top\/fr\/wp-json\/wp\/v2\/product_tag?post=31624"}],"curies":[{"name":"wp","href":"https:\/\/api.w.org\/{rel}","templated":true}]}}