{"id":31629,"date":"2026-03-16T10:58:44","date_gmt":"2026-03-16T13:58:44","guid":{"rendered":"https:\/\/bcult.novosite.top\/product\/set-de-debit-solaire-orange\/"},"modified":"2026-03-16T10:58:44","modified_gmt":"2026-03-16T13:58:44","slug":"set-de-debit-solaire-orange","status":"publish","type":"product","link":"https:\/\/bcult.novosite.top\/fr\/produit\/set-de-debit-solaire-orange\/","title":{"rendered":"Set de d\u00e9bit solaire orange"},"content":{"rendered":"<p>\u00c9nergique et moderne, l&rsquo;ensemble Solar Flow apporte un mouvement vibrant \u00e0 la collection BCult. Le legging sculptant \u00e0 taille haute et le haut de soutien combinent confort, flexibilit\u00e9 et couleurs \u00e9clatantes pour un look d&rsquo;entra\u00eenement confiant. <\/p>\n<p>Con\u00e7ue pour les entra\u00eenements de performance, la pratique du yoga et les moments d&rsquo;athl\u00e9tisme \u00e9l\u00e9gants.<\/p>\n<p><strong>Composition du tissu<\/strong><\/p>\n<ul>\n<li>76,8% Polyamide<\/li>\n<li>23,2% Elasthanne<\/li>\n<\/ul>\n<p><strong>Instructions d&rsquo;entretien<\/strong><\/p>\n<ul>\n<li>Lavage en machine \u00e0 froid<\/li>\n<li>Ne pas blanchir<\/li>\n<li>Ne pas s\u00e9cher au s\u00e8che-linge<\/li>\n<li>S\u00e9chage \u00e0 l&rsquo;ombre<\/li>\n<li>Ne pas repasser<\/li>\n<\/ul>\n","protected":false},"excerpt":{"rendered":"<p>\u00c9nergique et moderne, l&rsquo;ensemble Solar Flow apporte un mouvement vibrant \u00e0 la collection BCult. Le legging sculptant \u00e0 taille haute et le haut de soutien combinent confort, flexibilit\u00e9 et couleurs \u00e9clatantes pour un look d&rsquo;entra\u00eenement confiant. <\/p>\n<p>Con\u00e7ue pour les entra\u00eenements de performance, la pratique du yoga et les moments d&rsquo;athl\u00e9tisme \u00e9l\u00e9gants.<\/p>\n<p>Con\u00e7u avec l&rsquo;\u00e9l\u00e9gance suisse. Fabriqu\u00e9 \u00e0 Rio de Janeiro, Br\u00e9sil. <\/p>\n","protected":false},"featured_media":31628,"template":"","meta":[],"product_brand":[],"product_cat":[248,249],"product_tag":[],"class_list":{"0":"post-31629","1":"product","2":"type-product","3":"status-publish","4":"has-post-thumbnail","6":"product_cat-ensemble-legging","7":"product_cat-haut-de-page","9":"first","10":"instock","11":"shipping-taxable","12":"purchasable","13":"product-type-variable"},"_links":{"self":[{"href":"https:\/\/bcult.novosite.top\/fr\/wp-json\/wp\/v2\/product\/31629","targetHints":{"allow":["GET"]}}],"collection":[{"href":"https:\/\/bcult.novosite.top\/fr\/wp-json\/wp\/v2\/product"}],"about":[{"href":"https:\/\/bcult.novosite.top\/fr\/wp-json\/wp\/v2\/types\/product"}],"version-history":[{"count":0,"href":"https:\/\/bcult.novosite.top\/fr\/wp-json\/wp\/v2\/product\/31629\/revisions"}],"wp:featuredmedia":[{"embeddable":true,"href":"https:\/\/bcult.novosite.top\/fr\/wp-json\/wp\/v2\/media\/31628"}],"wp:attachment":[{"href":"https:\/\/bcult.novosite.top\/fr\/wp-json\/wp\/v2\/media?parent=31629"}],"wp:term":[{"taxonomy":"product_brand","embeddable":true,"href":"https:\/\/bcult.novosite.top\/fr\/wp-json\/wp\/v2\/product_brand?post=31629"},{"taxonomy":"product_cat","embeddable":true,"href":"https:\/\/bcult.novosite.top\/fr\/wp-json\/wp\/v2\/product_cat?post=31629"},{"taxonomy":"product_tag","embeddable":true,"href":"https:\/\/bcult.novosite.top\/fr\/wp-json\/wp\/v2\/product_tag?post=31629"}],"curies":[{"name":"wp","href":"https:\/\/api.w.org\/{rel}","templated":true}]}}